{"id":6,"date":"2016-11-01T10:33:11","date_gmt":"2016-11-01T09:33:11","guid":{"rendered":"http:\/\/fr.thechinesepulse.com\/?page_id=6"},"modified":"2018-06-27T12:24:32","modified_gmt":"2018-06-27T10:24:32","slug":"services","status":"publish","type":"page","link":"https:\/\/thechinesepulse.com\/fr\/services\/","title":{"rendered":"Services"},"content":{"rendered":"<p>[vc_row row_type=\u00a0\u00bbrow\u00a0\u00bb use_row_as_full_screen_section=\u00a0\u00bbyes\u00a0\u00bb type=\u00a0\u00bbgrid\u00a0\u00bb angled_section=\u00a0\u00bbno\u00a0\u00bb text_align=\u00a0\u00bbleft\u00a0\u00bb background_image_as_pattern=\u00a0\u00bbwithout_pattern\u00a0\u00bb background_color=\u00a0\u00bb#ffffff\u00a0\u00bb border_color=\u00a0\u00bb#ffffff\u00a0\u00bb css_animation=\u00a0\u00bb\u00a0\u00bb][vc_column][vc_empty_space][vc_empty_space height=\u00a0\u00bb64px\u00a0\u00bb][vc_column_text]<\/p>\n<h2 style=\"text-align: center;\">\u00a0SERVICES<\/h2>\n<p>[\/vc_column_text][vc_separator type=\u00a0\u00bbsmall\u00a0\u00bb position=\u00a0\u00bbcenter\u00a0\u00bb color=\u00a0\u00bb#818181&Prime; thickness=\u00a0\u00bb1&Prime; width=\u00a0\u00bb50&Prime; el_class=\u00a0\u00bbsection-divider\u00a0\u00bb][vc_column_text]<\/p>\n<h4 style=\"text-align: center;\"><strong>The Chinese Pulse accompagne les entreprises fran\u00e7aises et internationales dans le d\u00e9cryptage des nouvelles attentes des consommateurs chinois et les aide \u00e0 affiner leurs strat\u00e9gies et tactiques op\u00e9rationnelles. <\/strong><\/h4>\n<p>[\/vc_column_text][vc_empty_space][vc_row_inner row_type=\u00a0\u00bbrow\u00a0\u00bb type=\u00a0\u00bbfull_width\u00a0\u00bb text_align=\u00a0\u00bbleft\u00a0\u00bb css_animation=\u00a0\u00bb\u00a0\u00bb][vc_column_inner width=\u00a0\u00bb1\/3&Prime;]<div class=\"q_image_with_text_over\"><div class=\"shader\" ><\/div><img itemprop=\"image\" src=\"https:\/\/thechinesepulse.com\/wp-content\/uploads\/sites\/2\/2016\/11\/Training-insight-square.jpg\" alt=\"INSIGHTS BUSINESS &amp; CREATIFS\" \/><div class=\"text\"><table><tr><td><i class=\"icon_holder fa fa-bars fa-3x \" style='color: #ffffff; border-color: rgba(255,255,255,0.6);'><\/i><h3 class=\"caption \" style=\"color: #ffffff;font-size: 14px;\">INSIGHTS BUSINESS &amp; CREATIFS<\/h3><\/td><\/tr><\/table><table><tr><td><div class=\"desc\"><em>\u00ab\u00a0Nous partageons avec vous et vos \u00e9quipes le \u2018pulse\u2019 de la Chine contemporaine pour une meilleure compr\u00e9hension des nouvelles g\u00e9n\u00e9rations de chinois, de leur culture et de l&rsquo;\u00e9volution de leur rapport \u00e0 la consommation.\u00a0\u00bb<\/em><\/p>\n<p>&nbsp;<\/p>\n<p><a  itemprop=\"url\" href=\"#training_insights\" target=\"_self\" data-hover-background-color=#64aaca  class=\"qbutton  medium center white default\" style=\"color: #ffffff; border-color: #ffffff; font-style: normal; font-weight: 600; \">SEE MORE<\/a><\/div><\/td><\/tr><\/table><\/div><\/div>[\/vc_column_inner][vc_column_inner width=\u00a0\u00bb1\/3&Prime;]<div class=\"q_image_with_text_over\"><div class=\"shader\" ><\/div><img itemprop=\"image\" src=\"https:\/\/thechinesepulse.com\/wp-content\/uploads\/sites\/2\/2016\/11\/strategic-consulting-square.jpg\" alt=\"CONSULTING STRATEGIQUE\" \/><div class=\"text\"><table><tr><td><i class=\"icon_holder fa fa-bars fa-3x \" style='color: #ffffff; border-color: rgba(255,255,255,0.6);'><\/i><h3 class=\"caption \" style=\"color: #ffffff;font-size: 14px;\">CONSULTING STRATEGIQUE<\/h3><\/td><\/tr><\/table><table><tr><td><div class=\"desc\"><em>\u00ab\u00a0Nous vous aidons \u00e0 optimiser vos strat\u00e9gies, adapter votre offre and affiner votre communication \u00e0 destination de vos consommateurs chinois.\u201d<\/em><\/p>\n<p><a  itemprop=\"url\" href=\"#strategic_consulting\" target=\"_self\" data-hover-background-color=#64aaca  class=\"qbutton  medium center white default\" style=\"color: #ffffff; border-color: #ffffff; font-style: normal; font-weight: 600; \">SEE MORE<\/a><\/div><\/td><\/tr><\/table><\/div><\/div>[\/vc_column_inner][vc_column_inner width=\u00a0\u00bb1\/3&Prime;]<div class=\"q_image_with_text_over\"><div class=\"shader\" ><\/div><img itemprop=\"image\" src=\"https:\/\/thechinesepulse.com\/wp-content\/uploads\/sites\/2\/2016\/11\/immersion-trips-square.jpg\" alt=\"EXPEDITIONS CREATIVES\" \/><div class=\"text\"><table><tr><td><i class=\"icon_holder fa fa-bars fa-3x \" style='color: #ffffff; border-color: rgba(255,255,255,0.6);'><\/i><h3 class=\"caption \" style=\"color: #ffffff;font-size: 14px;\">EXPEDITIONS CREATIVES<\/h3><\/td><\/tr><\/table><table><tr><td><div class=\"desc\"><em>\u00ab\u00a0Nous vous immergeons dans la vraie vie des nouvelles g\u00e9n\u00e9rations des jeunes urbains en Chine. Nous vous pr\u00e9sentons des personnes inspirantes issus de diff\u00e9rents univers cr\u00e9atifs et professionnels\u00bb<\/em><\/p>\n<p><a  itemprop=\"url\" href=\"#immersion_trips\" target=\"_self\" data-hover-background-color=#64aaca  class=\"qbutton  medium center white default\" style=\"color: #ffffff; border-color: #ffffff; font-style: normal; font-weight: 600; \">SEE MORE<\/a><\/div><\/td><\/tr><\/table><\/div><\/div>[\/vc_column_inner][\/vc_row_inner][vc_empty_space height=\u00a0\u00bb64px\u00a0\u00bb][\/vc_column][\/vc_row][vc_row row_type=\u00a0\u00bbrow\u00a0\u00bb use_row_as_full_screen_section=\u00a0\u00bbno\u00a0\u00bb type=\u00a0\u00bbgrid\u00a0\u00bb anchor=\u00a0\u00bbtraining_insights\u00a0\u00bb angled_section=\u00a0\u00bbno\u00a0\u00bb text_align=\u00a0\u00bbleft\u00a0\u00bb background_image_as_pattern=\u00a0\u00bbwithout_pattern\u00a0\u00bb css_animation=\u00a0\u00bb\u00a0\u00bb][vc_column][vc_empty_space height=\u00a0\u00bb60px\u00a0\u00bb][vc_row_inner row_type=\u00a0\u00bbrow\u00a0\u00bb type=\u00a0\u00bbfull_width\u00a0\u00bb text_align=\u00a0\u00bbleft\u00a0\u00bb css_animation=\u00a0\u00bb\u00a0\u00bb][vc_column_inner width=\u00a0\u00bb1\/4&Prime;][vc_single_image image=\u00a0\u00bb251&Prime; img_size=\u00a0\u00bb350X350&Prime; qode_css_animation=\u00a0\u00bb\u00a0\u00bb][\/vc_column_inner][vc_column_inner width=\u00a0\u00bb3\/4&Prime;][vc_column_text]<\/p>\n<h2>INSIGHTS BUSINESS &amp; CREATIFS<\/h2>\n<p>[\/vc_column_text][vc_separator type=\u00a0\u00bbsmall\u00a0\u00bb position=\u00a0\u00bbleft\u00a0\u00bb color=\u00a0\u00bb#4f4f4f\u00a0\u00bb thickness=\u00a0\u00bb2&Prime; width=\u00a0\u00bb50&Prime; el_class=\u00a0\u00bbsection-divider\u00a0\u00bb][vc_column_text]Pour vous informer sur les derniers insights mode, beaut\u00e9 &amp; lifestyle en Chine: nouvelles attitudes consommateurs, nouvelles tendances produits, new retail et innovations digitales, The Chinese Pulse s&rsquo;appuie sur un d\u00e9cryptage multi facettes:<\/p>\n<ul>\n<li>Interviews experts &amp; consommateurs<\/li>\n<li>Veille en innovation marketing &amp; digitale (retail \/ produit \/ communication)<\/li>\n<li>Nouvelles esth\u00e9tiques digitales &amp; nouveaux mots cl\u00e9s<\/li>\n<li>Echanges et connexions avec les cultures cr\u00e9atives<\/li>\n<\/ul>\n<p>[\/vc_column_text][\/vc_column_inner][\/vc_row_inner][vc_empty_space height=\u00a0\u00bb60px\u00a0\u00bb][vc_row_inner row_type=\u00a0\u00bbrow\u00a0\u00bb type=\u00a0\u00bbgrid\u00a0\u00bb text_align=\u00a0\u00bbleft\u00a0\u00bb css_animation=\u00a0\u00bb\u00a0\u00bb][vc_column_inner width=\u00a0\u00bb1\/4&Prime;]<div class='service_table_holder'><ul class='service_table_inner'><li class='service_table_title_holder background_color_type' style=''><div class='service_table_title_inner'><div class='service_table_title_inner2'><h3 class='service_title' style=''>ETUDES MARKETING &amp; SUR-MESURE<\/h3><i class='fa fa-sliders fa-3x' style='color: #609cbc !important;'><\/i><\/div><\/div><\/li><li class='service_table_content' style=''>Aller plus loin que la &lsquo;big data&rsquo;, avec une dimension humaine, des analyses expertes cr\u00e9atives et business\u00a0du march\u00e9 chinois.<\/p>\n<p><em>Les nouveaux touristes chinois, Le futur du retail, Nouvelles strat\u00e9gies digitales, Trend reports : make-up, fashion &#8230;<\/em><\/li><\/ul><\/div>[\/vc_column_inner][vc_column_inner width=\u00a0\u00bb1\/4&Prime;]<div class='service_table_holder'><ul class='service_table_inner'><li class='service_table_title_holder background_color_type' style=''><div class='service_table_title_inner'><div class='service_table_title_inner2'><h3 class='service_title' style=''>ABONNEMENT TENDANCES ONLINE<\/h3><i class='fa fa-fire fa-3x' style='color: #609cbc !important;'><\/i><\/div><\/div><\/li><li class='service_table_content' style=''>Vous tenir r\u00e9guli\u00e8rement inform\u00e9s \u00e0 propos des derni\u00e8res tendances en Chine au travers d&rsquo;un abonnement digital.<\/p>\n<p><em>Nouvelles ic\u00f4nes, influenceurs &amp; artistes, nouvelles marques &amp; concepts retail, expressions digitales, \u2026<\/em><\/li><\/ul><\/div>[\/vc_column_inner][vc_column_inner width=\u00a0\u00bb1\/4&Prime;]<div class='service_table_holder'><ul class='service_table_inner'><li class='service_table_title_holder background_color_type' style=''><div class='service_table_title_inner'><div class='service_table_title_inner2'><h3 class='service_title' style=''>'LIVE SESSION' EN CHINE <\/h3><i class='fa fa-mobile fa-3x' style='color: #609cbc !important;'><\/i><\/div><\/div><\/li><li class='service_table_content' style=''>Une live session digitale sur le terrain par les experts TCP pour vous connecter au lifestyle chinois.<\/p>\n<p><em>Interviews d&rsquo;experts &amp; consommateurs, retail &amp; merchandising, tendances produits et communication&#8230;<\/em><\/li><\/ul><\/div>[\/vc_column_inner][vc_column_inner width=\u00a0\u00bb1\/4&Prime;]<div class='service_table_holder'><ul class='service_table_inner'><li class='service_table_title_holder background_color_type' style=''><div class='service_table_title_inner'><div class='service_table_title_inner2'><h3 class='service_title' style=''>FORMATION EQUIPES<\/h3><i class='fa fa-users fa-3x' style='color: #609cbc !important;'><\/i><\/div><\/div><\/li><li class='service_table_content' style=''>Former vos \u00e9quipes aux nouveaux consommateurs chinois en d\u00e9veloppant leurs connaissances et leur compr\u00e9hension du march\u00e9.<\/p>\n<p><em>Profils consommateurs mode et beaut\u00e9, Nouveaux outils digitaux, Derni\u00e8res tendances mode et beaut\u00e9 en Chine&#8230;<\/em><\/li><\/ul><\/div>[\/vc_column_inner][\/vc_row_inner][vc_empty_space height=\u00a0\u00bb60px\u00a0\u00bb][\/vc_column][\/vc_row][vc_row row_type=\u00a0\u00bbrow\u00a0\u00bb use_row_as_full_screen_section=\u00a0\u00bbno\u00a0\u00bb type=\u00a0\u00bbfull_width\u00a0\u00bb anchor=\u00a0\u00bbconseil_strategique\u00a0\u00bb angled_section=\u00a0\u00bbno\u00a0\u00bb text_align=\u00a0\u00bbleft\u00a0\u00bb background_image_as_pattern=\u00a0\u00bbwithout_pattern\u00a0\u00bb background_color=\u00a0\u00bb#ffffff\u00a0\u00bb css_animation=\u00a0\u00bb\u00a0\u00bb][vc_column][vc_empty_space height=\u00a0\u00bb60px\u00a0\u00bb][vc_row_inner row_type=\u00a0\u00bbrow\u00a0\u00bb type=\u00a0\u00bbgrid\u00a0\u00bb text_align=\u00a0\u00bbleft\u00a0\u00bb css_animation=\u00a0\u00bb\u00a0\u00bb][vc_column_inner width=\u00a0\u00bb3\/4&Prime;][vc_column_text]<\/p>\n<h2>CONSEIL STRAT\u00c9GIQUE<\/h2>\n<p>[\/vc_column_text][vc_separator type=\u00a0\u00bbsmall\u00a0\u00bb position=\u00a0\u00bbleft\u00a0\u00bb color=\u00a0\u00bb#4f4f4f\u00a0\u00bb thickness=\u00a0\u00bb2&Prime; width=\u00a0\u00bb50&Prime; el_class=\u00a0\u00bbsection-divider\u00a0\u00bb][vc_column_text]Pour adapter vos services, vos produits et votre communication \u00e0 destination des consommateurs chinois d\u2019aujourd\u2019hui et de demain, The Chinese Pulse vous accompagne sur des missions strat\u00e9giques et op\u00e9rationnelles.<\/p>\n<p style=\"text-align: left;\">Echangez et travaillez avec nos consultants lors de workshops pour co-construire vos plans d&rsquo;actions Chine avec vos \u00e9quipes et partenaires.<\/p>\n<p>[\/vc_column_text][\/vc_column_inner][vc_column_inner width=\u00a0\u00bb1\/4&Prime;][vc_single_image image=\u00a0\u00bb252&Prime; img_size=\u00a0\u00bb350X350&Prime; qode_css_animation=\u00a0\u00bb\u00a0\u00bb][\/vc_column_inner][\/vc_row_inner][vc_empty_space height=\u00a0\u00bb60px\u00a0\u00bb][vc_row_inner row_type=\u00a0\u00bbrow\u00a0\u00bb type=\u00a0\u00bbgrid\u00a0\u00bb text_align=\u00a0\u00bbleft\u00a0\u00bb css_animation=\u00a0\u00bb\u00a0\u00bb][vc_column_inner width=\u00a0\u00bb1\/3&Prime;]<div class='service_table_holder'><ul class='service_table_inner'><li class='service_table_title_holder background_color_type' style='background-color: #f6f6f6;'><div class='service_table_title_inner'><div class='service_table_title_inner2'><h3 class='service_title' style=''>STRATEGIE DE MARQUE<\/h3><i class='fa fa-magic fa-3x' style='color: #609cbc !important;'><\/i><\/div><\/div><\/li><li class='service_table_content' style='background-color: #f6f6f6;'>Strat\u00e9gie marketing sur-mesure avec focus sur les nouveaux \/ futurs consommateurs :<\/p>\n<p># d\u00e9crypter vos consommateurs et vos communaut\u00e9s cibles au travers d&rsquo;interviews qualitatives et de focus groupes.<\/p>\n<p># analyser votre environnement comp\u00e9titif online et offline pour mettre en place le meilleur positionnement pour votre marque.<\/p>\n<p># rep\u00e9rer les derni\u00e8res tendances de votre secteur au travers de veilles tendances et d&rsquo;interviews d&rsquo;experts et de consommateurs.<\/li><\/ul><\/div>[\/vc_column_inner][vc_column_inner width=\u00a0\u00bb1\/3&Prime;]<div class='service_table_holder'><ul class='service_table_inner'><li class='service_table_title_holder background_color_type' style='background-color: #f6f6f6;'><div class='service_table_title_inner'><div class='service_table_title_inner2'><h3 class='service_title' style=''>STRATEGIE DE COMMUNICATION<\/h3><i class='fa fa-comment-o fa-3x' style='color: #609cbc !important;'><\/i><\/div><\/div><\/li><li class='service_table_content' style='background-color: #f6f6f6;'>Strat\u00e9gie de communication sur-mesure pour vous adresser \u00e0 vos cibles et vos &lsquo;communaut\u00e9s&rsquo;:<\/p>\n<p># adapter vos messages cl\u00e9s et votre philosophie \u00e0 vos consommateurs chinois<\/p>\n<p># choisir les bons outils et partenaires (social medias, \u00e9v\u00e8nements online et offline )<\/p>\n<p># d\u00e9finir le ton de la prise de parole de marque et l&rsquo;esth\u00e9tique visuelle<\/p>\n<p># choisir le(s) bon(s) KOLs (key opinon leaders) et profils d&rsquo;ambassadeurs<\/li><\/ul><\/div>[\/vc_column_inner][vc_column_inner width=\u00a0\u00bb1\/3&Prime;]<div class='service_table_holder'><ul class='service_table_inner'><li class='service_table_title_holder background_color_type' style='background-color: #f6f6f6;'><div class='service_table_title_inner'><div class='service_table_title_inner2'><h3 class='service_title' style=''>SOLUTIONS OFFRE &amp; PRODUITS<\/h3><i class='fa fa-check fa-3x' style='color: #609cbc !important;'><\/i><\/div><\/div><\/li><li class='service_table_content' style='background-color: #f6f6f6;'>D\u00e9velopper les solutions pour adapter votre mix produit \u00e0 vos cibles consommateurs et communaut\u00e9s chinoises:<\/p>\n<p>&nbsp;<\/p>\n<p># s\u00e9lection des produits pertinents \u00e0 pousser en priorit\u00e9 sur le march\u00e9 chinois: style \/ d\u00e9tails \/ couleurs \/ textures \/ mati\u00e8res<\/p>\n<p># collaboration avec des profiles cr\u00e9atifs locaux (influenceurs, designers ou marques)<\/p>\n<p># conception de produits sp\u00e9cifiques pour le march\u00e9 chinois (mini collections, exclusivit\u00e9s)<\/li><\/ul><\/div>[\/vc_column_inner][\/vc_row_inner][vc_empty_space height=\u00a0\u00bb60px\u00a0\u00bb][vc_empty_space height=\u00a0\u00bb60px\u00a0\u00bb][vc_empty_space height=\u00a0\u00bb60px\u00a0\u00bb][\/vc_column][\/vc_row][vc_row row_type=\u00a0\u00bbrow\u00a0\u00bb use_row_as_full_screen_section=\u00a0\u00bbno\u00a0\u00bb type=\u00a0\u00bbfull_width\u00a0\u00bb anchor=\u00a0\u00bbexpeditions_creatives\u00a0\u00bb angled_section=\u00a0\u00bbno\u00a0\u00bb text_align=\u00a0\u00bbleft\u00a0\u00bb background_image_as_pattern=\u00a0\u00bbwithout_pattern\u00a0\u00bb css_animation=\u00a0\u00bb\u00a0\u00bb][vc_column][vc_empty_space height=\u00a0\u00bb60px\u00a0\u00bb][vc_row_inner row_type=\u00a0\u00bbrow\u00a0\u00bb type=\u00a0\u00bbgrid\u00a0\u00bb text_align=\u00a0\u00bbleft\u00a0\u00bb css_animation=\u00a0\u00bb\u00a0\u00bb][vc_column_inner width=\u00a0\u00bb1\/4&Prime;][vc_single_image image=\u00a0\u00bb253&Prime; img_size=\u00a0\u00bb350X350&Prime; qode_css_animation=\u00a0\u00bb\u00a0\u00bb][\/vc_column_inner][vc_column_inner width=\u00a0\u00bb3\/4&Prime;][vc_column_text]<\/p>\n<h2>\u00a0EXP\u00c9DITIONS CR\u00c9ATIVES<\/h2>\n<p>[\/vc_column_text][vc_separator type=\u00a0\u00bbsmall\u00a0\u00bb position=\u00a0\u00bbleft\u00a0\u00bb color=\u00a0\u00bb#4f4f4f\u00a0\u00bb thickness=\u00a0\u00bb2&Prime; width=\u00a0\u00bb50&Prime; el_class=\u00a0\u00bbsection-divider\u00a0\u00bb][vc_column_text]Vivez et partagez avec vos \u00e9quipes une immersion en Chine contemporaine en voyageant avec l\u2019\u00e9quipe The Chinese Pulse. TCP organise des voyages exclusifs et sur mesure croisant des approches cr\u00e9atives et business avec une observation des insights culturels.[\/vc_column_text][\/vc_column_inner][\/vc_row_inner][vc_empty_space height=\u00a0\u00bb60px\u00a0\u00bb][vc_row_inner row_type=\u00a0\u00bbrow\u00a0\u00bb type=\u00a0\u00bbgrid\u00a0\u00bb text_align=\u00a0\u00bbleft\u00a0\u00bb css_animation=\u00a0\u00bb\u00a0\u00bb][vc_column_inner width=\u00a0\u00bb1\/4&Prime;]<div class='service_table_holder'><ul class='service_table_inner'><li class='service_table_title_holder background_color_type' style=''><div class='service_table_title_inner'><div class='service_table_title_inner2'><h3 class='service_title' style=''>NOUVEAUX CONCEPTS &amp; RETAIL <\/h3><i class='fa fa-shopping-bag fa-3x' style='color: #609cbc !important;'><\/i><\/div><\/div><\/li><li class='service_table_content' style=''>Safari Mode<\/p>\n<p>Safari Beaut\u00e9<\/p>\n<p>Safari Lifestyle<\/p>\n<p><\/li><\/ul><\/div>[\/vc_column_inner][vc_column_inner width=\u00a0\u00bb1\/4&Prime;]<div class='service_table_holder'><ul class='service_table_inner'><li class='service_table_title_holder background_color_type' style=''><div class='service_table_title_inner'><div class='service_table_title_inner2'><h3 class='service_title' style=''>NETWORKING MEETINGS<\/h3><i class='fa fa-users fa-3x' style='color: #609cbc !important;'><\/i><\/div><\/div><\/li><li class='service_table_content' style=''>Personnalit\u00e9s cr\u00e9atives<\/p>\n<p>Professionnels business<\/p>\n<p>Entrepreneurs locaux<\/p>\n<p><\/li><\/ul><\/div>[\/vc_column_inner][vc_column_inner width=\u00a0\u00bb1\/4&Prime;]<div class='service_table_holder'><ul class='service_table_inner'><li class='service_table_title_holder background_color_type' style=''><div class='service_table_title_inner'><div class='service_table_title_inner2'><h3 class='service_title' style=''>OBSERVATIONS SOCIALES <\/h3><i class='fa fa-street-view fa-3x' style='color: #609cbc !important;'><\/i><\/div><\/div><\/li><li class='service_table_content' style=''>Habitudes culturelles<\/p>\n<p>Usages digitaux<\/p>\n<p>Destinations shopping<\/li><\/ul><\/div>[\/vc_column_inner][vc_column_inner width=\u00a0\u00bb1\/4&Prime;]<div class='service_table_holder'><ul class='service_table_inner'><li class='service_table_title_holder background_color_type' style=''><div class='service_table_title_inner'><div class='service_table_title_inner2'><h3 class='service_title' style=''>ORGANISATION DE VOYAGES TENDANCES<\/h3><i class='fa fa-star fa-3x' style='color: #609cbc !important;'><\/i><\/div><\/div><\/li><li class='service_table_content' style=''>&lsquo;It\u2019 adresses<\/p>\n<p>Derni\u00e8res activit\u00e9s \/ exp\u00e9riences<\/p>\n<p>Nouveaux lieux &amp; concepts<\/li><\/ul><\/div>[\/vc_column_inner][\/vc_row_inner][vc_empty_space height=\u00a0\u00bb60px\u00a0\u00bb][vc_empty_space height=\u00a0\u00bb60px\u00a0\u00bb][vc_empty_space height=\u00a0\u00bb60px\u00a0\u00bb][\/vc_column][\/vc_row]<\/p>\n","protected":false},"excerpt":{"rendered":"<p>[vc_row row_type=\u00a0\u00bbrow\u00a0\u00bb use_row_as_full_screen_section=\u00a0\u00bbyes\u00a0\u00bb type=\u00a0\u00bbgrid\u00a0\u00bb angled_section=\u00a0\u00bbno\u00a0\u00bb text_align=\u00a0\u00bbleft\u00a0\u00bb background_image_as_pattern=\u00a0\u00bbwithout_pattern\u00a0\u00bb background_color=\u00a0\u00bb#ffffff\u00a0\u00bb border_color=\u00a0\u00bb#ffffff\u00a0\u00bb css_animation=\u00a0\u00bb\u00a0\u00bb][vc_column][vc_empty_space][vc_empty_space height=\u00a0\u00bb64px\u00a0\u00bb][vc_column_text] \u00a0SERVICES [\/vc_column_text][vc_separator type=\u00a0\u00bbsmall\u00a0\u00bb position=\u00a0\u00bbcenter\u00a0\u00bb color=\u00a0\u00bb#818181&Prime; thickness=\u00a0\u00bb1&Prime; width=\u00a0\u00bb50&Prime; el_class=\u00a0\u00bbsection-divider\u00a0\u00bb][vc_column_text] The Chinese Pulse accompagne les entreprises fran\u00e7aises et internationales dans le d\u00e9cryptage des nouvelles attentes des consommateurs chinois et les aide \u00e0 affiner leurs strat\u00e9gies et&#8230;<\/p>\n","protected":false},"author":1,"featured_media":0,"parent":0,"menu_order":0,"comment_status":"closed","ping_status":"closed","template":"full_width.php","meta":[],"_links":{"self":[{"href":"https:\/\/thechinesepulse.com\/fr\/wp-json\/wp\/v2\/pages\/6"}],"collection":[{"href":"https:\/\/thechinesepulse.com\/fr\/wp-json\/wp\/v2\/pages"}],"about":[{"href":"https:\/\/thechinesepulse.com\/fr\/wp-json\/wp\/v2\/types\/page"}],"author":[{"embeddable":true,"href":"https:\/\/thechinesepulse.com\/fr\/wp-json\/wp\/v2\/users\/1"}],"replies":[{"embeddable":true,"href":"https:\/\/thechinesepulse.com\/fr\/wp-json\/wp\/v2\/comments?post=6"}],"version-history":[{"count":122,"href":"https:\/\/thechinesepulse.com\/fr\/wp-json\/wp\/v2\/pages\/6\/revisions"}],"predecessor-version":[{"id":385,"href":"https:\/\/thechinesepulse.com\/fr\/wp-json\/wp\/v2\/pages\/6\/revisions\/385"}],"wp:attachment":[{"href":"https:\/\/thechinesepulse.com\/fr\/wp-json\/wp\/v2\/media?parent=6"}],"curies":[{"name":"wp","href":"https:\/\/api.w.org\/{rel}","templated":true}]}}