{"id":569,"date":"2019-05-29T10:00:36","date_gmt":"2019-05-29T08:00:36","guid":{"rendered":"https:\/\/thechinesepulse.com\/fr\/?page_id=569"},"modified":"2019-05-29T10:00:36","modified_gmt":"2019-05-29T08:00:36","slug":"politique-de-confidentialite-et-cookies","status":"publish","type":"page","link":"https:\/\/thechinesepulse.com\/fr\/politique-de-confidentialite-et-cookies\/","title":{"rendered":"Politique de confidentialit\u00e9 et Cookies"},"content":{"rendered":"<p><strong>POLITIQUE D\u2019UTILISATION DES DONN\u00c9ES PERSONNELLES<\/strong><\/p>\n<p><strong>Date de la derni\u00e8re mise \u00e0 jour: 28\/05\/2019<\/strong><\/p>\n<p>&nbsp;<\/p>\n<h2><strong>Pr\u00e9ambule<\/strong><\/h2>\n<p>The Chinese Pulse est une soci\u00e9t\u00e9 de conseil et de prospective sp\u00e9cialis\u00e9e sur les \u00e9volutions et insights du march\u00e9 chinois contemporain\u00a0: consommateurs, industries cr\u00e9atives, digital&#8230;<\/p>\n<p>Bas\u00e9e \u00e0 Paris, The Chinese Pulse accompagne des marques et des agences sur l\u2019analyse et le d\u00e9cryptage de donn\u00e9es qualitatives et quantitatives ainsi que sur la conception de strat\u00e9gies appliqu\u00e9es aux industries et aux services de la mode, de la beaut\u00e9, du luxe, du lifestyle, de la culture et du tourisme.<\/p>\n<p>Notre politique de confidentialit\u00e9 disponible ci-dessous vous offre la transparence sur la mani\u00e8re dont nous collectons vos informations et ce que nous en faisons.<\/p>\n<p>Notre politique de confidentialit\u00e9 d\u00e9taille \u00e9galement les choix qui s\u2019offrent \u00e0 vous en mati\u00e8re de vie priv\u00e9e lorsque vous utilisez thechinesepulse.com<\/p>\n<h2><strong>\u00a0<\/strong><\/h2>\n<h2><strong>Contact<\/strong><\/h2>\n<p>Conform\u00e9ment \u00e0 la loi \u00ab informatique et libert\u00e9s \u00bb, vous pouvez nous poser vos questions, exercer votre droit d&rsquo;acc\u00e8s aux donn\u00e9es vous concernant et les faire rectifier en nous contactant \u00e0 l&#8217;email suivant :\u00a0<a href=\"mailto:nihao@thechinesepulse.com\">nihao@thechinesepulse.com<\/a> ou \u00e0 l\u2019adresse postale suivante\u00a0:<\/p>\n<p><strong>THE CHINESE PULSE, <\/strong><\/p>\n<p><strong>105 rue de Belleville, 75019 Paris<\/strong><\/p>\n<p><strong>T\u00e9l\u00e9phone : +33 6 64 71 46 45<\/strong><\/p>\n<p>The Chinese Pulse SAS, situ\u00e9e \u00e0 l\u2019adresse ci-dessus, est la soci\u00e9t\u00e9 responsable de la collecte, de l\u2019utilisation et de la divulgation de vos informations personnelles en vertu de cette Politique d\u2019utilisation des donn\u00e9es.<\/p>\n<h2><strong>Le recueil de vos informations par The Chinese Pulse\u00a0:<\/strong><strong>\u00a0<\/strong><\/h2>\n<h3><strong>1-\u00a0\u00a0 <\/strong><strong>Abonnement \u00e0 notre Monthly Newsletter \/ \u2018Take the pulse\u2019<\/strong><\/h3>\n<p>Lorsque vous vous abonnez \u00e0 notre newsletter \u2018Take the pulse\u2019 via notre plateforme <a href=\"http:\/\/www.thechinesepulse.com\/\">thechinesepulse.com<\/a>, les informations que nous pouvons recueillir \u00e0 votre sujet sont votre nom, votre pr\u00e9nom, votre email, votre soci\u00e9t\u00e9 et votre fonction.<\/p>\n<p>En tant qu\u2019utilisateur, vous \u00eates notamment inform\u00e9 que les informations que vous communiquez, en r\u00e9pondant au formulaire pr\u00e9sent sur le site, permettent de r\u00e9pondre \u00e0 vos demandes et sont destin\u00e9es exclusivement \u00e0 The Chinese Pulse.<\/p>\n<p>Ces informations sont enregistr\u00e9es dans un fichier informatis\u00e9 par The Chinese Pulse et sont recueillies afin de vous adresser du contenu pertinent par rapport \u00e0 vos centres d\u2019int\u00e9r\u00eats professionnels en lien avec la Chine:<\/p>\n<ul>\n<li>Envoi des newsletters \/ informations tendances The Chinese Pulse<\/li>\n<li>Invitations \u00e0 des \u00e9v\u00e9nements dans lesquels The Chinese Pulse intervient<\/li>\n<li>Offres commerciales de projets et services de The Chinese Pulse<\/li>\n<\/ul>\n<p>The Chinese Pulse \u00e9tant une soci\u00e9t\u00e9 de conseil aux entreprises, nos services ne sont pas destin\u00e9s au grand public. A ce titre, nous ne recueillons pas d\u2019informations aupr\u00e8s de ces personnes.<\/p>\n<p>Si vous \u00eates abonn\u00e9s notre Monthly newsletter, (lettre d&rsquo;information) vous pouvez demander \u00e0 ne plus recevoir ces courriers soit comme indiqu\u00e9 ci-dessus, soit en suivant les instructions figurant en fin de chacun de ces courriers, lorsque vous les recevez.<\/p>\n<p>Conform\u00e9ment \u00e0 la loi Informatique et Libert\u00e9s du 6 Janvier 1978 (modifi\u00e9e), vous disposez d&rsquo;un droit d&rsquo;acc\u00e8s, de rectification, de modification et de suppression des donn\u00e9es personnelles que vous nous avez communiqu\u00e9es. Si vous le souhaitez, vous pouvez demander l\u2019acc\u00e8s aux informations que nous d\u00e9tenons sur votre compte et m\u00eame demander que nous les supprimions en nous adressant un courrier \u00e0 <a href=\"http:\/\/nihao@thechinesepulse.com\">nihao@thechinesepulse.com<\/a>.<\/p>\n<p>Nous r\u00e9pondrons \u00e0 vos demandes conform\u00e9ment \u00e0 la l\u00e9gislation en vigueur, et nous nous efforcerons de respecter votre requ\u00eate, dans les meilleurs d\u00e9lais.<\/p>\n<h3><strong>2-\u00a0\u00a0 <\/strong><strong>Abonnement \u00e0 nos pages LinkedIn, Instagram &amp; Facebook<\/strong><\/h3>\n<p>Vous pouvez suivre The Chinese Pulse sur d\u2019autres plateformes et r\u00e9seaux sociaux en adh\u00e9rant aux pages Facebook, Instagram et LinkedIn de The Chinese Pulse.<\/p>\n<p>Pour ce faire, vous vous connectez \u00e0 votre propre compte de r\u00e9seau social. Dans ces cas-l\u00e0, vous nous autorisez \u00e0 partager certaines informations avec le fournisseur de votre compte du r\u00e9seau social et vous comprenez que l\u2019usage de ces informations sera r\u00e9gi par la politique de confidentialit\u00e9 du site concern\u00e9.<\/p>\n<p>Vous pouvez communiquer des informations de votre plein gr\u00e9 sur des forums, dans le cadre de discussions en ligne, sur les pages de profil, dans des blogs et sur d\u2019autres services qui vous permettent d\u2019afficher des informations et d\u2019autres \u00e9l\u00e9ments.<\/p>\n<p>Veuillez noter que toutes les informations que vous affichez ou divulguez par le biais de ces services deviendront publiques, et qu\u2019elles pourront \u00eatre consult\u00e9es par des utilisateurs des m\u00e9dias sociaux The Chinese Pulse, et par le grand public en g\u00e9n\u00e9ral. Nous vous recommandons la plus grande prudence lorsque vous d\u00e9cidez de divulguer des informations vous concernant par le biais des fonctions de partage social de notre plateforme.<\/p>\n<p>Vous pouvez \u00e0 tout moment vous d\u00e9sabonner de comptes des r\u00e9seaux sociaux de The Chinese Pulse. Vous pouvez modifier ou supprimer les autorisations que vous avez accord\u00e9es concernant l\u2019utilisation des informations contenues sur vos comptes de r\u00e9seaux sociaux par le biais des param\u00e8tres de confidentialit\u00e9 de votre application directement sur votre r\u00e9seau social.<\/p>\n<p>&nbsp;<\/p>\n<h2><strong>Obligations l\u00e9gales et administratives<\/strong><\/h2>\n<p>Nous pouvons utiliser et divulguer vos informations personnelles dans la mesure n\u00e9cessaire ou appropri\u00e9e, particuli\u00e8rement si nous avons une obligation l\u00e9gale ou un int\u00e9r\u00eat l\u00e9gitime pour le faire :<\/p>\n<ul>\n<li><u>Pr\u00e9vention de la fraude <\/u>: nous sommes susceptibles d\u2019utiliser et de divulguer les informations que nous recueillons concernant nos utilisateurs et aupr\u00e8s d\u2019eux lorsque nous estimons que cela est n\u00e9cessaire pour enqu\u00eater, pr\u00e9venir ou r\u00e9agir \u00e0 l\u2019\u00e9gard d\u2019une activit\u00e9 suspect\u00e9e d\u2019\u00eatre ill\u00e9gale ou frauduleuse, ou pour prot\u00e9ger notre confidentialit\u00e9, notre s\u00e9curit\u00e9, nos droits ou nos biens, ainsi que ceux de nos utilisateurs et des tiers.<\/li>\n<li><u>Respect de la loi<\/u> : si des autorit\u00e9s publiques, telles que les services de police, un tribunal, un organisme r\u00e9glementaire ou autre le requi\u00e8rent ou l\u2019exigent, ou si cela est n\u00e9cessaire pour respecter la loi (ce qui peut inclure certaines lois hors de votre pays de r\u00e9sidence), nous pouvons \u00eatre amen\u00e9s \u00e0 divulguer des informations que nous avons au sujet de nos utilisateurs. Nous sommes \u00e9galement susceptibles d\u2019utiliser et de divulguer des informations vous concernant afin d\u2019exercer ou de prot\u00e9ger des droits l\u00e9gaux ou de nous d\u00e9fendre en cas de plaintes.<\/li>\n<li><u>Vente ou fusion de notre entreprise<\/u> : Nous n\u2019envisageons pas de vendre notre entreprise. Cependant, si cette situation se pr\u00e9sentait, nous pourrions utiliser, divulguer ou transf\u00e9rer les informations vous concernant \u00e0 une tierce partie si nous faisions l\u2019objet d\u2019une restructuration d\u2019entreprise (dans le cadre d\u2019une vente, d\u2019une fusion ou d\u2019un autre transfert d\u2019actifs, y compris en lien avec une faillite ou autre proc\u00e9dure).<\/li>\n<\/ul>\n<p>&nbsp;<\/p>\n<h2><strong>R\u00e9tention et s\u00e9curit\u00e9 des donn\u00e9es<\/strong><\/h2>\n<p>Nous conserverons vos informations personnelles tant que cela sera n\u00e9cessaire ou autoris\u00e9 \u00e0 la lumi\u00e8re des motifs pour lesquels elles ont \u00e9t\u00e9 obtenues. Les crit\u00e8res utilis\u00e9s pour d\u00e9terminer nos p\u00e9riodes de conservation incluent la dur\u00e9e pendant laquelle nous avons une relation avec vous et nous vous fournissons nos services, nos obligations juridiques ou le fait que la r\u00e9tention soit recommandable \u00e0 la lumi\u00e8re de notre position juridique (notamment en ce qui concerne les d\u00e9lais de procuration, les litiges ou les enqu\u00eates des autorit\u00e9s publiques).<\/p>\n<p>Les informations personnelles collect\u00e9es ne sont en aucun cas confi\u00e9es \u00e0 des tiers hormis pour l\u2019\u00e9ventuelle bonne ex\u00e9cution de la prestation command\u00e9e par l\u2019internaute.<\/p>\n<p>En cas de demande de d\u00e9sincription ou de suppression des donn\u00e9es personnelles vous concernant, veuillez noter qu\u2019il est possible que nous soyons amen\u00e9s \u00e0 conserver certaines informations \u00e0 des fins d\u2019archive. Il peut \u00e9galement demeurer des informations r\u00e9siduelles sur nos bases de donn\u00e9es et d\u2019autres registres, sachant que lesdites informations r\u00e9siduelles ne seront plus utilis\u00e9es activement par The Chinese Pulse.<\/p>\n<p>The Chinese Pulse met en \u0153uvre des moyens destin\u00e9s \u00e0 assurer la confidentialit\u00e9 et la s\u00e9curit\u00e9 des fichiers constitu\u00e9s \u00e0 partir des donn\u00e9es \u00e0 caract\u00e8re personnel collect\u00e9es sur le site. Malheureusement, la transmission et le stockage des donn\u00e9es ne sont jamais s\u00fbrs \u00e0 100 %. Si vous avez des raisons de croire que votre connexion \u00e0 notre plateforme n\u2019est plus s\u00fbre, veuillez nous contacter \u00e0 l\u2019adresse suivante: <a href=\"mailto:nihao@thechinesepulse.com\">nihao@thechinesepulse.com<\/a><\/p>\n<h2><strong>Mises \u00e0 jour de la politique d\u2019utilisation des donn\u00e9es<\/strong><\/h2>\n<p>Cette politique peut changer avec le temps. Nous y avons inclus nos coordonn\u00e9es afin de nous contacter si besoin.<\/p>\n<p>Nous pouvons modifier cette Politique d\u2019utilisation des donn\u00e9es. La \u00ab Date d\u2019entr\u00e9e en vigueur \u00bb en haut de cette Politique d\u2019utilisation des donn\u00e9es indique sa date de derni\u00e8re r\u00e9vision. Toute modification entrera en vigueur lorsque nous publierons la Politique d\u2019utilisation des donn\u00e9es mise \u00e0 jour sur notre plateforme.<\/p>\n","protected":false},"excerpt":{"rendered":"<p>POLITIQUE D\u2019UTILISATION DES DONN\u00c9ES PERSONNELLES Date de la derni\u00e8re mise \u00e0 jour: 28\/05\/2019 &nbsp; Pr\u00e9ambule The Chinese Pulse est une soci\u00e9t\u00e9 de conseil et de prospective sp\u00e9cialis\u00e9e sur les \u00e9volutions et insights du march\u00e9 chinois contemporain\u00a0: consommateurs, industries cr\u00e9atives, digital&#8230; Bas\u00e9e \u00e0 Paris, The Chinese&#8230;<\/p>\n","protected":false},"author":1,"featured_media":0,"parent":0,"menu_order":0,"comment_status":"closed","ping_status":"closed","template":"","meta":[],"_links":{"self":[{"href":"https:\/\/thechinesepulse.com\/fr\/wp-json\/wp\/v2\/pages\/569"}],"collection":[{"href":"https:\/\/thechinesepulse.com\/fr\/wp-json\/wp\/v2\/pages"}],"about":[{"href":"https:\/\/thechinesepulse.com\/fr\/wp-json\/wp\/v2\/types\/page"}],"author":[{"embeddable":true,"href":"https:\/\/thechinesepulse.com\/fr\/wp-json\/wp\/v2\/users\/1"}],"replies":[{"embeddable":true,"href":"https:\/\/thechinesepulse.com\/fr\/wp-json\/wp\/v2\/comments?post=569"}],"version-history":[{"count":2,"href":"https:\/\/thechinesepulse.com\/fr\/wp-json\/wp\/v2\/pages\/569\/revisions"}],"predecessor-version":[{"id":571,"href":"https:\/\/thechinesepulse.com\/fr\/wp-json\/wp\/v2\/pages\/569\/revisions\/571"}],"wp:attachment":[{"href":"https:\/\/thechinesepulse.com\/fr\/wp-json\/wp\/v2\/media?parent=569"}],"curies":[{"name":"wp","href":"https:\/\/api.w.org\/{rel}","templated":true}]}}