{"id":363,"date":"2017-06-07T13:39:31","date_gmt":"2017-06-07T11:39:31","guid":{"rendered":"https:\/\/thechinesepulse.com\/fr\/?page_id=363"},"modified":"2017-06-07T13:39:31","modified_gmt":"2017-06-07T11:39:31","slug":"mentions-legales","status":"publish","type":"page","link":"https:\/\/thechinesepulse.com\/fr\/mentions-legales\/","title":{"rendered":"Mentions L\u00e9gales"},"content":{"rendered":"<p><strong>MENTIONS LEGALES<\/strong><\/p>\n<p>Ce site est administr\u00e9 par les Auto-entreprises Juliette Duveau et Sophia Dumenil pour la marque THE CHINESE PULSE.<\/p>\n<p>Juliette Duveau<\/p>\n<p>SIREN: 817 682 073<br \/>\nAdresse:\u00a0105 rue de Belleville, 75019 Paris<\/p>\n<p>Sophia Dumenil<\/p>\n<p>SIREN: XXX<br \/>\nAdresse:\u00a012 rue de l\u2019Echiquier, 75010 Paris<\/p>\n<p>Mail\u00a0: nihao@thechinesepulse.com<\/p>\n<p>Les directeurs de la publication sont Melle Juliette Duveau et Melle Sophia Dumenil agissant pour leurs auto-entreprises respectives.<\/p>\n<p><strong>Cr\u00e9dits d\u00e9veloppement site internet\u00a0:\u00a0<\/strong>Jonathan Melgar<\/p>\n<p><strong>Cr\u00e9dits direction artistique\u00a0:<\/strong><\/p>\n<p><strong>HOME PAGE<\/strong><\/p>\n<p>Illustration par\u00a0 \u5fd8\u5ddd\u5c71\u4eba\/ Lost Mountain Man <a href=\"https:\/\/www.douban.com\/photos\/album\/74462376\/\">https:\/\/www.douban.com\/photos\/album\/74462376\/<\/a><\/p>\n<p>Animation vid\u00e9o\u00a0par Mikel Orfanos<\/p>\n<p><strong>Respect de la vie priv\u00e9e et des donn\u00e9es personnelles :<\/strong><\/p>\n<p>Les donn\u00e9es sont collect\u00e9es dans le but exclusif d\u2019\u00e9tablir une relation commerciale et professionnelle avec les clients.<br \/>\nLes donn\u00e9es \u00e0 caract\u00e8re personnel sont conserv\u00e9es par\u00a0THE CHINESE PULSE pendant une p\u00e9riode raisonnable.<br \/>\nSi la personne ne fournit pas toutes les informations demand\u00e9es de mani\u00e8re obligatoire dans les formulaires du site (*Champs obligatoires), elle ne peut pas envoyer le formulaire et ne peut donc pas rentrer en contact avec THE CHINESE PULSE.<\/p>\n<p>Conform\u00e9ment \u00e0 la loi Informatique et Libert\u00e9s n\u00b078-17 du 6 janvier 1978 relative \u00e0 la protection des personnes physiques \u00e0 l\u2019\u00e9gard des traitements de donn\u00e9es \u00e0 caract\u00e8re personnel modifi\u00e9e par la loi n\u00b02004-801 du 6 ao\u00fbt 2004, la collecte, l\u2019enregistrement et la conservation automatis\u00e9s d\u2019informations nominatives s\u2019effectuent sur ce site Internet dans le cadre de la d\u00e9claration d\u2019un traitement d\u2019informations personnelles effectu\u00e9e aupr\u00e8s de la commission nationale de l\u2019informatique et des libert\u00e9s (CNIL).<\/p>\n<p>Le droit d\u2019acc\u00e8s et de rectification pr\u00e9vu \u00e0 l\u2019article 34 et suivants de la loi pr\u00e9cit\u00e9e s\u2019exerce par courrier \u00e0 l\u2019adresse :<br \/>\nTHE CHINESE PULSE &#8211; Juliette Duveau 105 rue de Belleville 75019 Paris<\/p>\n<p><strong>Avis relatif \u00e0 la s\u00e9curit\u00e9 :<\/strong><\/p>\n<p>Afin d\u2019assurer sa s\u00e9curit\u00e9 et de garantir son acc\u00e8s \u00e0 tous, ce site Internet emploie des logiciels pour contr\u00f4ler les flux sur le site, pour identifier les tentatives non autoris\u00e9es de connexion ou de changement de l\u2019information, ou toute autre initiative pouvant causer d\u2019autres dommages. Les tentatives non autoris\u00e9es de chargement d\u2019information, d\u2019alt\u00e9ration des informations, visant \u00e0 causer un dommage et d\u2019une mani\u00e8re g\u00e9n\u00e9rale toute atteinte \u00e0 la disponibilit\u00e9 et l\u2019int\u00e9grit\u00e9 de ce site sont strictement interdites et seront sanctionn\u00e9es par le code p\u00e9nal. Ainsi l\u2019article 323-1 du code p\u00e9nal pr\u00e9voit que le fait d\u2019acc\u00e9der ou de se maintenir frauduleusement, dans tout ou partie d\u2019un syst\u00e8me de traitement automatis\u00e9 de donn\u00e9es (c\u2019est le cas d\u2019un site Internet) est puni de deux ans d\u2019emprisonnement et de 30000 Euros d\u2019amende. L\u2019article 323-3 du m\u00eame code pr\u00e9voit que le fait d\u2019introduire frauduleusement des donn\u00e9es dans un syst\u00e8me de traitement automatis\u00e9 ou de supprimer ou de modifier frauduleusement les donn\u00e9es qu\u2019il contient est puni de cinq ans d\u2019emprisonnement et de 75000 Euros d\u2019amende.<\/p>\n<p><strong>Cr\u00e9dits photographiques :<\/strong><\/p>\n<p><strong>WHY TCP<\/strong><\/p>\n<p>Photo Jing Wen at Supreme Management<\/p>\n<p><strong>WHAT WE OFFER<\/strong><\/p>\n<p>Photo by Juliette Duveau<\/p>\n<p>INSIGHTS &amp;TRAINING<\/p>\n<p>Source\u00a0: Instagram<\/p>\n<p>STRATEGIC CONSULTING<\/p>\n<p>Photo by Sui Yao<\/p>\n<p>CREATIVE TRIPS<\/p>\n<p>Source\u00a0: Instagram<\/p>\n<p><strong>WHO WE ARE<\/strong><\/p>\n<p>Photo by Thomas Bevilacqua for Not So Far<strong>\u00a0<\/strong><\/p>\n<p>THE FOUNDERS<\/p>\n<p>Photo\u00a0 by Michel Sedan<\/p>\n<p>Art Direction\u00a0by Alexandra Mercuri<\/p>\n<p>OUR EXPERTS<\/p>\n<p>Photo\u00a0by Sui Yao<\/p>\n<p>OUR VALUES<\/p>\n<p>Photo by Thomas Bevilacqua for Not So Far<\/p>\n<p>Les photographies utilis\u00e9es dans ce site \u2013 \u00e0 l\u2019exception des photographies qui figurent dans la partie \u00ab\u00a0Take the Pulse \u00bb font l\u2019objet de droits r\u00e9serv\u00e9s. Elles ne peuvent pas \u00eatre utilis\u00e9es ou dupliqu\u00e9es sans l\u2019autorisation \u00e9crite de THE CHINESE PULSE.<\/p>\n<p><strong>Direction Artistique : <\/strong>THE CHINESE PULSE<\/p>\n<p>L\u2019ensemble de ce site rel\u00e8ve de la l\u00e9gislation fran\u00e7aise et internationale sur le droit d\u2019auteur et la propri\u00e9t\u00e9 intellectuelle. Tous les droits de reproduction sont r\u00e9serv\u00e9s, y compris les repr\u00e9sentations iconographiques et photographiques.<\/p>\n<p>La reproduction de tout ou partie de ce site sur un support quel qu\u2019il soit est formellement interdite, sauf autorisation expresse du directeur de la publication.<\/p>\n<p><strong>H\u00e9bergement<\/strong>\u00a0: Site h\u00e9berg\u00e9 par OVH<\/p>\n<h1><\/h1>\n","protected":false},"excerpt":{"rendered":"<p>MENTIONS LEGALES Ce site est administr\u00e9 par les Auto-entreprises Juliette Duveau et Sophia Dumenil pour la marque THE CHINESE PULSE. Juliette Duveau SIREN: 817 682 073 Adresse:\u00a0105 rue de Belleville, 75019 Paris Sophia Dumenil SIREN: XXX Adresse:\u00a012 rue de l\u2019Echiquier, 75010 Paris Mail\u00a0: nihao@thechinesepulse.com Les&#8230;<\/p>\n","protected":false},"author":1,"featured_media":0,"parent":0,"menu_order":0,"comment_status":"closed","ping_status":"closed","template":"","meta":[],"_links":{"self":[{"href":"https:\/\/thechinesepulse.com\/fr\/wp-json\/wp\/v2\/pages\/363"}],"collection":[{"href":"https:\/\/thechinesepulse.com\/fr\/wp-json\/wp\/v2\/pages"}],"about":[{"href":"https:\/\/thechinesepulse.com\/fr\/wp-json\/wp\/v2\/types\/page"}],"author":[{"embeddable":true,"href":"https:\/\/thechinesepulse.com\/fr\/wp-json\/wp\/v2\/users\/1"}],"replies":[{"embeddable":true,"href":"https:\/\/thechinesepulse.com\/fr\/wp-json\/wp\/v2\/comments?post=363"}],"version-history":[{"count":1,"href":"https:\/\/thechinesepulse.com\/fr\/wp-json\/wp\/v2\/pages\/363\/revisions"}],"predecessor-version":[{"id":364,"href":"https:\/\/thechinesepulse.com\/fr\/wp-json\/wp\/v2\/pages\/363\/revisions\/364"}],"wp:attachment":[{"href":"https:\/\/thechinesepulse.com\/fr\/wp-json\/wp\/v2\/media?parent=363"}],"curies":[{"name":"wp","href":"https:\/\/api.w.org\/{rel}","templated":true}]}}