{"id":267,"date":"2016-12-09T19:13:52","date_gmt":"2016-12-09T18:13:52","guid":{"rendered":"http:\/\/fr.thechinesepulse.com\/?page_id=267"},"modified":"2019-06-05T08:48:17","modified_gmt":"2019-06-05T06:48:17","slug":"lagence","status":"publish","type":"page","link":"https:\/\/thechinesepulse.com\/fr\/lagence\/","title":{"rendered":"L&rsquo;agence"},"content":{"rendered":"<p>[vc_row row_type=\u00a0\u00bbrow\u00a0\u00bb use_row_as_full_screen_section=\u00a0\u00bbyes\u00a0\u00bb type=\u00a0\u00bbgrid\u00a0\u00bb anchor=\u00a0\u00bbles_fondatrices\u00a0\u00bb angled_section=\u00a0\u00bbno\u00a0\u00bb text_align=\u00a0\u00bbleft\u00a0\u00bb background_image_as_pattern=\u00a0\u00bbwithout_pattern\u00a0\u00bb background_color=\u00a0\u00bb#ffffff\u00a0\u00bb border_color=\u00a0\u00bb#ffffff\u00a0\u00bb css_animation=\u00a0\u00bb\u00a0\u00bb][vc_column][vc_empty_space][vc_empty_space height=\u00a0\u00bb64px\u00a0\u00bb][vc_column_text]<\/p>\n<h2 style=\"text-align: center;\">LES FONDATRICES<\/h2>\n<p>[\/vc_column_text][vc_separator type=\u00a0\u00bbsmall\u00a0\u00bb position=\u00a0\u00bbcenter\u00a0\u00bb color=\u00a0\u00bb#818181&Prime; thickness=\u00a0\u00bb1&Prime; width=\u00a0\u00bb50&Prime; el_class=\u00a0\u00bbsection-divider\u00a0\u00bb][vc_column_text]<\/p>\n<h4 style=\"text-align: center;\">\u201cFascin\u00e9es par la Chine depuis plus de 10 ans, nous sommes toujours aussi curieuses et passionn\u00e9es. Nous sommes connect\u00e9es au plus pr\u00e8s de la nouvelle g\u00e9n\u00e9ration de chinois, pour comprendre les \u00e9volutions sociales, cr\u00e9atives et les changements dans les arbitrages de consommation\u201d<\/h4>\n<p>[\/vc_column_text][vc_empty_space][vc_single_image image=\u00a0\u00bb110&Prime; img_size=\u00a0\u00bbfull\u00a0\u00bb alignment=\u00a0\u00bbcenter\u00a0\u00bb qode_css_animation=\u00a0\u00bb\u00a0\u00bb][vc_empty_space height=\u00a0\u00bb64px\u00a0\u00bb][vc_row_inner row_type=\u00a0\u00bbrow\u00a0\u00bb type=\u00a0\u00bbfull_width\u00a0\u00bb text_align=\u00a0\u00bbleft\u00a0\u00bb css_animation=\u00a0\u00bb\u00a0\u00bb][vc_column_inner width=\u00a0\u00bb1\/2&Prime;][vc_column_text]<\/p>\n<h3 style=\"text-align: left;\">Juliette Duveau<\/h3>\n<p>[\/vc_column_text][vc_separator type=\u00a0\u00bbsmall\u00a0\u00bb position=\u00a0\u00bbleft\u00a0\u00bb color=\u00a0\u00bb#4f4f4f\u00a0\u00bb thickness=\u00a0\u00bb2&Prime; width=\u00a0\u00bb50&Prime; el_class=\u00a0\u00bbsection-divider\u00a0\u00bb][vc_column_text]Trends insights &amp; m\u00e9thodologies strat\u00e9giques<\/p>\n<p>6 ans en agences de tendances<\/p>\n<p>Sp\u00e9cialisation sur le march\u00e9 chinois<\/p>\n<p>Exp\u00e9riences: IFM, Martine Leherpeur Conseil, NellyRodi[\/vc_column_text][\/vc_column_inner][vc_column_inner width=\u00a0\u00bb1\/2&Prime;][vc_column_text]<\/p>\n<h3 style=\"text-align: left;\">Sophia Dumenil<\/h3>\n<p>[\/vc_column_text][vc_separator type=\u00a0\u00bbsmall\u00a0\u00bb position=\u00a0\u00bbleft\u00a0\u00bb color=\u00a0\u00bb#4f4f4f\u00a0\u00bb thickness=\u00a0\u00bb2&Prime; width=\u00a0\u00bb50&Prime; el_class=\u00a0\u00bbsection-divider\u00a0\u00bb][vc_column_text]R\u00e9seau cr\u00e9atif et business &amp; management des op\u00e9rations<\/p>\n<p>9 ans en Chine<\/p>\n<p>7 ans en agence \u00e9v\u00e8nementielle et communication<\/p>\n<p>Exp\u00e9riences: Auditoire, Red Bridge Communications[\/vc_column_text][\/vc_column_inner][\/vc_row_inner][vc_empty_space height=\u00a0\u00bb60px\u00a0\u00bb][\/vc_column][\/vc_row][vc_row row_type=\u00a0\u00bbrow\u00a0\u00bb use_row_as_full_screen_section=\u00a0\u00bbno\u00a0\u00bb type=\u00a0\u00bbgrid\u00a0\u00bb anchor=\u00a0\u00bbnos_experts\u00a0\u00bb angled_section=\u00a0\u00bbno\u00a0\u00bb text_align=\u00a0\u00bbleft\u00a0\u00bb background_image_as_pattern=\u00a0\u00bbwithout_pattern\u00a0\u00bb css_animation=\u00a0\u00bb\u00a0\u00bb][vc_column][vc_empty_space height=\u00a0\u00bb60px\u00a0\u00bb][vc_row_inner row_type=\u00a0\u00bbrow\u00a0\u00bb type=\u00a0\u00bbfull_width\u00a0\u00bb text_align=\u00a0\u00bbleft\u00a0\u00bb css_animation=\u00a0\u00bb\u00a0\u00bb][vc_column_inner width=\u00a0\u00bb1\/4&Prime;][vc_single_image image=\u00a0\u00bb272&Prime; img_size=\u00a0\u00bb350X350&Prime; qode_css_animation=\u00a0\u00bb\u00a0\u00bb][\/vc_column_inner][vc_column_inner width=\u00a0\u00bb3\/4&Prime;][vc_column_text]<\/p>\n<h2>NOS EXPERTS<\/h2>\n<p>[\/vc_column_text][vc_separator type=\u00a0\u00bbsmall\u00a0\u00bb position=\u00a0\u00bbleft\u00a0\u00bb color=\u00a0\u00bb#4f4f4f\u00a0\u00bb thickness=\u00a0\u00bb2&Prime; width=\u00a0\u00bb50&Prime; el_class=\u00a0\u00bbsection-divider\u00a0\u00bb][vc_column_text]<blockquote class='' style=''><h5 class='blockquote-text' style=' line-height: undefinedpx;'>\u201dUn r\u00e9seau \u2018trendy\u2019, cr\u00e9atif et business en Chine qui contribue \u00e0 alimenter nos insights et que nous sollicitons en fonction de nos missions clients.\u201d<\/h5><\/blockquote>[\/vc_column_text][\/vc_column_inner][\/vc_row_inner][vc_empty_space height=\u00a0\u00bb60px\u00a0\u00bb][vc_row_inner row_type=\u00a0\u00bbrow\u00a0\u00bb type=\u00a0\u00bbgrid\u00a0\u00bb text_align=\u00a0\u00bbleft\u00a0\u00bb background_color=\u00a0\u00bb#ffffff\u00a0\u00bb padding_top=\u00a0\u00bb35&Prime; css_animation=\u00a0\u00bb\u00a0\u00bb][vc_column_inner width=\u00a0\u00bb1\/4&Prime;][\/vc_column_inner][vc_column_inner width=\u00a0\u00bb1\/4&Prime;]<div class=\"q_icon_list\"><i class=\"qode_icon_font_awesome fa fa-check qode-ili-icon-holder circle\" style=\"background-color: #609cbc;\" ><\/i><p style=\"\">Designers<\/p><\/div><div class=\"q_icon_list\"><i class=\"qode_icon_font_awesome fa fa-check qode-ili-icon-holder circle\" style=\"background-color: #609cbc;\" ><\/i><p style=\"\">Influenceurs Mode<\/p><\/div><div class=\"q_icon_list\"><i class=\"qode_icon_font_awesome fa fa-check qode-ili-icon-holder circle\" style=\"background-color: #609cbc;\" ><\/i><p style=\"\">Bloggeurs<\/p><\/div><div class=\"q_icon_list\"><i class=\"qode_icon_font_awesome fa fa-check qode-ili-icon-holder circle\" style=\"background-color: #609cbc;\" ><\/i><p style=\"\">Trend Setters<\/p><\/div><div class=\"q_icon_list\"><i class=\"qode_icon_font_awesome fa fa-check qode-ili-icon-holder circle\" style=\"background-color: #609cbc;\" ><\/i><p style=\"\">Stylistes<\/p><\/div><div class=\"q_icon_list\"><i class=\"qode_icon_font_awesome fa fa-check qode-ili-icon-holder circle\" style=\"background-color: #609cbc;\" ><\/i><p style=\"\">Artistes<\/p><\/div>[\/vc_column_inner][vc_column_inner width=\u00a0\u00bb1\/4&Prime;]<div class=\"q_icon_list\"><i class=\"qode_icon_font_awesome fa fa-check qode-ili-icon-holder circle\" style=\"background-color: #609cbc;\" ><\/i><p style=\"\">Experts Digitaux<\/p><\/div><div class=\"q_icon_list\"><i class=\"qode_icon_font_awesome fa fa-check qode-ili-icon-holder circle\" style=\"background-color: #609cbc;\" ><\/i><p style=\"\">Medias<\/p><\/div><div class=\"q_icon_list\"><i class=\"qode_icon_font_awesome fa fa-check qode-ili-icon-holder circle\" style=\"background-color: #609cbc;\" ><\/i><p style=\"\">Mannequins<\/p><\/div><div class=\"q_icon_list\"><i class=\"qode_icon_font_awesome fa fa-check qode-ili-icon-holder circle\" style=\"background-color: #609cbc;\" ><\/i><p style=\"\">Musiciens<\/p><\/div><div class=\"q_icon_list\"><i class=\"qode_icon_font_awesome fa fa-check qode-ili-icon-holder circle\" style=\"background-color: #609cbc;\" ><\/i><p style=\"\">Photographes<\/p><\/div><div class=\"q_icon_list\"><i class=\"qode_icon_font_awesome fa fa-check qode-ili-icon-holder circle\" style=\"background-color: #609cbc;\" ><\/i><p style=\"\">Sociologues<\/p><\/div>[\/vc_column_inner][vc_column_inner width=\u00a0\u00bb1\/4&Prime;][\/vc_column_inner][\/vc_row_inner][vc_empty_space height=\u00a0\u00bb60px\u00a0\u00bb][\/vc_column][\/vc_row][vc_row row_type=\u00a0\u00bbrow\u00a0\u00bb use_row_as_full_screen_section=\u00a0\u00bbno\u00a0\u00bb type=\u00a0\u00bbfull_width\u00a0\u00bb anchor=\u00a0\u00bbnos_valeurs\u00a0\u00bb angled_section=\u00a0\u00bbno\u00a0\u00bb text_align=\u00a0\u00bbleft\u00a0\u00bb background_image_as_pattern=\u00a0\u00bbwithout_pattern\u00a0\u00bb background_color=\u00a0\u00bb#ffffff\u00a0\u00bb css_animation=\u00a0\u00bb\u00a0\u00bb][vc_column][vc_empty_space height=\u00a0\u00bb60px\u00a0\u00bb][vc_row_inner row_type=\u00a0\u00bbrow\u00a0\u00bb type=\u00a0\u00bbgrid\u00a0\u00bb text_align=\u00a0\u00bbleft\u00a0\u00bb css_animation=\u00a0\u00bb\u00a0\u00bb][vc_column_inner][vc_column_text]<\/p>\n<h2 style=\"text-align: center;\">NOS VALEURS<\/h2>\n<p>[\/vc_column_text][vc_separator type=\u00a0\u00bbsmall\u00a0\u00bb position=\u00a0\u00bbcenter\u00a0\u00bb color=\u00a0\u00bb#4f4f4f\u00a0\u00bb thickness=\u00a0\u00bb2&Prime; width=\u00a0\u00bb50&Prime; el_class=\u00a0\u00bbsection-divider\u00a0\u00bb][vc_empty_space height=\u00a0\u00bb60px\u00a0\u00bb][vc_single_image image=\u00a0\u00bb276&Prime; img_size=\u00a0\u00bbfull\u00a0\u00bb qode_css_animation=\u00a0\u00bb\u00a0\u00bb][\/vc_column_inner][\/vc_row_inner][vc_empty_space height=\u00a0\u00bb60px\u00a0\u00bb][vc_empty_space height=\u00a0\u00bb60px\u00a0\u00bb][vc_row_inner row_type=\u00a0\u00bbrow\u00a0\u00bb type=\u00a0\u00bbfull_width\u00a0\u00bb text_align=\u00a0\u00bbleft\u00a0\u00bb css_animation=\u00a0\u00bb\u00a0\u00bb][vc_column_inner width=\u00a0\u00bb1\/4&Prime;]<div class=\"q_pie_chart_with_icon_holder\"><div class=\"q_percentage_with_icon\" data-percent=\"100\" data-linewidth=\"5\" data-active=\"#609cbc\" data-noactive=\"\"><i class=\"fa fa-bolt fa-2x\"><\/i><\/div><div class=\"pie_chart_text\"><h3 class=\"pie_title\">ENERGIE POSITIVE<\/h3><p >Nous gardons toujours un esprit positif et veillons \u00e0 diffuser une bonne \u00e9nergie pour cr\u00e9er un environnement de travail inspirant.<\/p><\/div><\/div>[\/vc_column_inner][vc_column_inner width=\u00a0\u00bb1\/4&Prime;]<div class=\"q_pie_chart_with_icon_holder\"><div class=\"q_percentage_with_icon\" data-percent=\"100\" data-linewidth=\"5\" data-active=\"#609cbc\" data-noactive=\"\"><i class=\"fa fa-heart-o fa-2x\"><\/i><\/div><div class=\"pie_chart_text\"><h3 class=\"pie_title\">SYNERGIE HUMAINE<\/h3><p >Nous aimons interagir et rencontrer des personnes et des talents pour travailler. Nous favorisons l\u2019humain et les rencontres dans nos insights.<\/p><\/div><\/div>[\/vc_column_inner][vc_column_inner width=\u00a0\u00bb1\/4&Prime;]<div class=\"q_pie_chart_with_icon_holder\"><div class=\"q_percentage_with_icon\" data-percent=\"100\" data-linewidth=\"5\" data-active=\"#609cbc\" data-noactive=\"\"><i class=\"fa fa-lightbulb-o fa-2x\"><\/i><\/div><div class=\"pie_chart_text\"><h3 class=\"pie_title\">BON SENS &amp; PRAGMATISME<\/h3><p >Nous sommes flexibles et pleines de ressources pour trouver les meilleures solutions pour nos clients et partenaires. <\/p><\/div><\/div>[\/vc_column_inner][vc_column_inner width=\u00a0\u00bb1\/4&Prime;]<div class=\"q_pie_chart_with_icon_holder\"><div class=\"q_percentage_with_icon\" data-percent=\"100\" data-linewidth=\"5\" data-active=\"#609cbc\" data-noactive=\"\"><i class=\"fa fa-eye fa-2x\"><\/i><\/div><div class=\"pie_chart_text\"><h3 class=\"pie_title\">CURIOSITE &amp; PARTAGE<\/h3><p >Nous sommes passionn\u00e9es par la Chine contemporaine et nous aimons partager notre expertise avec vous. <\/p><\/div><\/div>[\/vc_column_inner][\/vc_row_inner][vc_empty_space height=\u00a0\u00bb60px\u00a0\u00bb][vc_empty_space height=\u00a0\u00bb60px\u00a0\u00bb][vc_empty_space height=\u00a0\u00bb60px\u00a0\u00bb][\/vc_column][\/vc_row][vc_row row_type=\u00a0\u00bbrow\u00a0\u00bb use_row_as_full_screen_section=\u00a0\u00bbno\u00a0\u00bb type=\u00a0\u00bbfull_width\u00a0\u00bb anchor=\u00a0\u00bbnos_valeurs\u00a0\u00bb angled_section=\u00a0\u00bbno\u00a0\u00bb text_align=\u00a0\u00bbleft\u00a0\u00bb background_image_as_pattern=\u00a0\u00bbwithout_pattern\u00a0\u00bb css_animation=\u00a0\u00bb\u00a0\u00bb][vc_column][vc_row_inner row_type=\u00a0\u00bbrow\u00a0\u00bb type=\u00a0\u00bbfull_width\u00a0\u00bb anchor=\u00a0\u00bbnos_clients\u00a0\u00bb text_align=\u00a0\u00bbleft\u00a0\u00bb css_animation=\u00a0\u00bb\u00a0\u00bb][vc_column_inner][vc_empty_space height=\u00a0\u00bb60px\u00a0\u00bb][vc_empty_space height=\u00a0\u00bb60px\u00a0\u00bb][vc_column_text]<\/p>\n<h2 style=\"text-align: center;\">NOS CLIENTS &amp; PARTENAIRES<\/h2>\n<p>[\/vc_column_text][vc_separator type=\u00a0\u00bbsmall\u00a0\u00bb position=\u00a0\u00bbcenter\u00a0\u00bb color=\u00a0\u00bb#4f4f4f\u00a0\u00bb thickness=\u00a0\u00bb2&Prime; width=\u00a0\u00bb50&Prime; el_class=\u00a0\u00bbsection-divider\u00a0\u00bb][vc_empty_space height=\u00a0\u00bb60px\u00a0\u00bb][vc_empty_space height=\u00a0\u00bb60px\u00a0\u00bb][\/vc_column_inner][vc_column_inner]<div class='qode_carousels_holder clearfix'><div class='qode_carousels' data-number-of-visible-items=''><ul class='slides'><li class='item'><div class=\"carousel_item_holder\"><span class='first_image_holder '><img itemprop=\"image\" src=\"https:\/\/thechinesepulse.com\/wp-content\/uploads\/sites\/2\/2019\/05\/logo-bxc-TCP-transparent.png\" alt=\"carousel image\" \/><\/span><\/div><\/li><li class='item'><div class=\"carousel_item_holder\"><span class='first_image_holder '><img itemprop=\"image\" src=\"https:\/\/thechinesepulse.com\/wp-content\/uploads\/sites\/2\/2019\/05\/chanel-TCP-transparent.png\" alt=\"carousel image\" \/><\/span><\/div><\/li><li class='item'><div class=\"carousel_item_holder\"><span class='first_image_holder '><img itemprop=\"image\" src=\"https:\/\/thechinesepulse.com\/wp-content\/uploads\/sites\/2\/2019\/05\/coty-TCP-transparent.png\" alt=\"carousel image\" \/><\/span><\/div><\/li><li class='item'><div class=\"carousel_item_holder\"><span class='first_image_holder '><img itemprop=\"image\" src=\"https:\/\/thechinesepulse.com\/wp-content\/uploads\/sites\/2\/2019\/05\/jing-daily-TCP-transparent.png\" alt=\"carousel image\" \/><\/span><\/div><\/li><li class='item'><div class=\"carousel_item_holder\"><span class='first_image_holder '><img itemprop=\"image\" src=\"https:\/\/thechinesepulse.com\/wp-content\/uploads\/sites\/2\/2019\/05\/GIP-TCP-transparent.png\" alt=\"carousel image\" \/><\/span><\/div><\/li><li class='item'><div class=\"carousel_item_holder\"><span class='first_image_holder '><img itemprop=\"image\" src=\"https:\/\/thechinesepulse.com\/wp-content\/uploads\/sites\/2\/2019\/05\/Salon-du-luxe-TCP-transparent.png\" alt=\"carousel image\" \/><\/span><\/div><\/li><li class='item'><div class=\"carousel_item_holder\"><span class='first_image_holder '><img itemprop=\"image\" src=\"https:\/\/thechinesepulse.com\/wp-content\/uploads\/sites\/2\/2019\/05\/hermes-paris-01.png\" alt=\"carousel image\" \/><\/span><\/div><\/li><li class='item'><div class=\"carousel_item_holder\"><span class='first_image_holder '><img itemprop=\"image\" src=\"https:\/\/thechinesepulse.com\/wp-content\/uploads\/sites\/2\/2019\/05\/logo-uzik-.png\" alt=\"carousel image\" \/><\/span><\/div><\/li><li class='item'><div class=\"carousel_item_holder\"><span class='first_image_holder '><img itemprop=\"image\" src=\"https:\/\/thechinesepulse.com\/wp-content\/uploads\/sites\/2\/2019\/05\/Logo-loreal.png\" alt=\"carousel image\" \/><\/span><\/div><\/li><li class='item'><div class=\"carousel_item_holder\"><span class='first_image_holder '><img itemprop=\"image\" src=\"https:\/\/thechinesepulse.com\/wp-content\/uploads\/sites\/2\/2019\/05\/logo-ifm-.png\" alt=\"carousel image\" \/><\/span><\/div><\/li><li class='item'><div class=\"carousel_item_holder\"><span class='first_image_holder '><img itemprop=\"image\" src=\"https:\/\/thechinesepulse.com\/wp-content\/uploads\/sites\/2\/2019\/05\/logo-shisheido-.png\" alt=\"carousel image\" \/><\/span><\/div><\/li><\/ul><\/div><\/div>[\/vc_column_inner][\/vc_row_inner][vc_empty_space height=\u00a0\u00bb60px\u00a0\u00bb][vc_empty_space height=\u00a0\u00bb60px\u00a0\u00bb][vc_empty_space height=\u00a0\u00bb60px\u00a0\u00bb][\/vc_column][\/vc_row]<\/p>\n","protected":false},"excerpt":{"rendered":"<p>[vc_row row_type=\u00a0\u00bbrow\u00a0\u00bb use_row_as_full_screen_section=\u00a0\u00bbyes\u00a0\u00bb type=\u00a0\u00bbgrid\u00a0\u00bb anchor=\u00a0\u00bbles_fondatrices\u00a0\u00bb angled_section=\u00a0\u00bbno\u00a0\u00bb text_align=\u00a0\u00bbleft\u00a0\u00bb background_image_as_pattern=\u00a0\u00bbwithout_pattern\u00a0\u00bb background_color=\u00a0\u00bb#ffffff\u00a0\u00bb border_color=\u00a0\u00bb#ffffff\u00a0\u00bb css_animation=\u00a0\u00bb\u00a0\u00bb][vc_column][vc_empty_space][vc_empty_space height=\u00a0\u00bb64px\u00a0\u00bb][vc_column_text] LES FONDATRICES [\/vc_column_text][vc_separator type=\u00a0\u00bbsmall\u00a0\u00bb position=\u00a0\u00bbcenter\u00a0\u00bb color=\u00a0\u00bb#818181&Prime; thickness=\u00a0\u00bb1&Prime; width=\u00a0\u00bb50&Prime; el_class=\u00a0\u00bbsection-divider\u00a0\u00bb][vc_column_text] \u201cFascin\u00e9es par la Chine depuis plus de 10 ans, nous sommes toujours aussi curieuses et passionn\u00e9es. Nous sommes connect\u00e9es au plus pr\u00e8s de la&#8230;<\/p>\n","protected":false},"author":1,"featured_media":0,"parent":0,"menu_order":0,"comment_status":"closed","ping_status":"closed","template":"full_width.php","meta":[],"_links":{"self":[{"href":"https:\/\/thechinesepulse.com\/fr\/wp-json\/wp\/v2\/pages\/267"}],"collection":[{"href":"https:\/\/thechinesepulse.com\/fr\/wp-json\/wp\/v2\/pages"}],"about":[{"href":"https:\/\/thechinesepulse.com\/fr\/wp-json\/wp\/v2\/types\/page"}],"author":[{"embeddable":true,"href":"https:\/\/thechinesepulse.com\/fr\/wp-json\/wp\/v2\/users\/1"}],"replies":[{"embeddable":true,"href":"https:\/\/thechinesepulse.com\/fr\/wp-json\/wp\/v2\/comments?post=267"}],"version-history":[{"count":16,"href":"https:\/\/thechinesepulse.com\/fr\/wp-json\/wp\/v2\/pages\/267\/revisions"}],"predecessor-version":[{"id":650,"href":"https:\/\/thechinesepulse.com\/fr\/wp-json\/wp\/v2\/pages\/267\/revisions\/650"}],"wp:attachment":[{"href":"https:\/\/thechinesepulse.com\/fr\/wp-json\/wp\/v2\/media?parent=267"}],"curies":[{"name":"wp","href":"https:\/\/api.w.org\/{rel}","templated":true}]}}