{"id":22,"date":"2016-11-01T10:39:24","date_gmt":"2016-11-01T09:39:24","guid":{"rendered":"http:\/\/fr.thechinesepulse.com\/?page_id=22"},"modified":"2017-06-13T14:46:32","modified_gmt":"2017-06-13T12:46:32","slug":"manifesto","status":"publish","type":"page","link":"https:\/\/thechinesepulse.com\/fr\/manifesto\/","title":{"rendered":"Manifesto"},"content":{"rendered":"<p>[vc_row row_type=\u00a0\u00bbrow\u00a0\u00bb use_row_as_full_screen_section=\u00a0\u00bbno\u00a0\u00bb type=\u00a0\u00bbfull_width\u00a0\u00bb angled_section=\u00a0\u00bbno\u00a0\u00bb text_align=\u00a0\u00bbleft\u00a0\u00bb background_image_as_pattern=\u00a0\u00bbwithout_pattern\u00a0\u00bb css_animation=\u00a0\u00bb\u00a0\u00bb][vc_column width=\u00a0\u00bb1\/6&Prime;][\/vc_column][vc_column width=\u00a0\u00bb2\/3&Prime;]<blockquote class=' with_quote_icon' style=''><i class='fa fa-quote-right pull-left' style=''><\/i><h5 class='blockquote-text' style=''>Nous apportons de la fra\u00eecheur et de la jeunesse dans notre d\u00e9cryptage tendances de la Chine contemporaine pour les entreprises \u00e9voluant dans des secteurs cr\u00e9atifs et dans l\u2019industrie du tourisme. Nous croyons que les entreprises internationales pourraient faire plus d\u2019efforts pour mieux comprendre et mieux s\u2019adapter aux consommateurs chinois d\u2019aujourd\u2019hui et de demain et TCP est l\u00e0 pour les accompagner.<\/h5><\/blockquote>[\/vc_column][vc_column width=\u00a0\u00bb1\/6&Prime;][\/vc_column][\/vc_row][vc_row row_type=\u00a0\u00bbrow\u00a0\u00bb use_row_as_full_screen_section=\u00a0\u00bbno\u00a0\u00bb type=\u00a0\u00bbfull_width\u00a0\u00bb angled_section=\u00a0\u00bbno\u00a0\u00bb text_align=\u00a0\u00bbleft\u00a0\u00bb background_image_as_pattern=\u00a0\u00bbwithout_pattern\u00a0\u00bb css_animation=\u00a0\u00bb\u00a0\u00bb][vc_column][vc_empty_space][vc_empty_space][vc_column_text]<\/p>\n<h3><strong>La Chine a longtemps \u00e9t\u00e9 consid\u00e9r\u00e9e comme un march\u00e9 de consommation relativement facile et opportun pour les industries du luxe et de la cr\u00e9ation. Avec l\u2019arriv\u00e9e des millennials le visage de la Chine change et ses codes de consommation connaissent des bouleversements rapides. <\/strong><\/h3>\n<p>[\/vc_column_text][vc_empty_space][vc_separator type=\u00a0\u00bbsmall\u00a0\u00bb position=\u00a0\u00bbcenter\u00a0\u00bb color=\u00a0\u00bb#353535&Prime;][vc_empty_space][vc_column_text]<\/p>\n<h3><strong>A l\u2019instar de la m\u00e9decine traditionnelle chinoise, nous prenons le pouls de la Chine contemporaine dans les secteurs du luxe, de la mode, de la beaut\u00e9, du lifestyle et du tourisme pour donner les meilleurs insights et recommandations \u00e0 nos clients. <\/strong><\/h3>\n<p>[\/vc_column_text][vc_column_text]Pour commencer, voici quelques insights actuels:<\/p>\n<p>&nbsp;<\/p>\n<h3>L\u2019HYBRIDATION CULTURELLE<\/h3>\n<p>Les aspects culturels traditionnels m\u00e9lang\u00e9s \u00e0 la modernit\u00e9 extr\u00eame, \u00e0 la technologie et aux influences internationales posent les bases d\u2019une nouvelle identit\u00e9 chinoise\u00a0: une balance entre des asp\u00e9rit\u00e9s individualistes et une culture du collectif.<\/p>\n<p>&nbsp;<\/p>\n<h3>LA SOPHISTICATION DE LA CONSOMMATION<\/h3>\n<p>La sollicitation omnipr\u00e9sente par des marques locales et internationales a affin\u00e9 les attentes de consommation des jeunes urbains. La qu\u00eate d\u2019individualit\u00e9 et d\u2019affirmation personnelle conduisent \u00e0 l\u2019\u00e9mergence de nouveaux socio-styles, qui gagnent en subtilit\u00e9 et en raffinement.<\/p>\n<p>&nbsp;<\/p>\n<h3>L\u2019EXPRESSION DE LA PERSONNALITE<\/h3>\n<p>Les jeunes g\u00e9n\u00e9rations chinoises ont toujours connu la Chine forte et influente, ce qui contribue \u00e0 renforcer un sentiment d\u2019assurance. L\u2019expression d\u2019une qu\u00eate de personnalit\u00e9, appuy\u00e9e par une vie mat\u00e9rielle d\u00e9j\u00e0 combl\u00e9e pousse d\u00e9sormais les classes moyennes urbaines \u00e0 rechercher de nouvelles exp\u00e9riences et aventures.<\/p>\n<p>&nbsp;<\/p>\n<h3>LE PARADIGME DU LIFESTYLE DIGITAL<\/h3>\n<p>La multitude de services propos\u00e9s par WeChat et la connexion mobile ont pos\u00e9 les bases d\u2019un nouveau paradigme fait de d\u00e9mat\u00e9rialisation. L\u2019engagement social et le Offline-to-Online sont au c\u0153ur des enjeux de communication marketing pour installer des relations engageantes avec les consommateurs.<\/p>\n<p>&nbsp;<\/p>\n<h3>LES NOUVELLES PRISE DE CONSCIENCE<\/h3>\n<p>Plus \u00e9duqu\u00e9s que les g\u00e9n\u00e9rations pr\u00e9c\u00e9dentes, ces jeunes chinois sont aussi confront\u00e9s \u00e0 de nouveaux challenges sociologiques, \u00e9conomiques et \u00e9cologiques\u00a0: les niveaux de pollution alarmants dans les grandes villes du pays, la responsabilit\u00e9 sociale pour la population vieillissante, les incertitudes du march\u00e9 du travail laissent place \u00e0 de nouvelles prises de conscience.[\/vc_column_text][vc_empty_space][vc_column_text]<\/p>\n<h3><strong>The Chinese Pulse informe les entreprises fran\u00e7aises et internationales sur les nouvelles attentes des consommateurs chinois et les aide \u00e0 affiner leurs strat\u00e9gies et tactiques op\u00e9rationnelles. <\/strong><\/h3>\n<p>[\/vc_column_text][vc_empty_space][\/vc_column][\/vc_row]<\/p>\n","protected":false},"excerpt":{"rendered":"<p>[vc_row row_type=\u00a0\u00bbrow\u00a0\u00bb use_row_as_full_screen_section=\u00a0\u00bbno\u00a0\u00bb type=\u00a0\u00bbfull_width\u00a0\u00bb angled_section=\u00a0\u00bbno\u00a0\u00bb text_align=\u00a0\u00bbleft\u00a0\u00bb background_image_as_pattern=\u00a0\u00bbwithout_pattern\u00a0\u00bb css_animation=\u00a0\u00bb\u00a0\u00bb][vc_column width=\u00a0\u00bb1\/6&Prime;][\/vc_column][vc_column width=\u00a0\u00bb2\/3&Prime;][\/vc_column][vc_column width=\u00a0\u00bb1\/6&Prime;][\/vc_column][\/vc_row][vc_row row_type=\u00a0\u00bbrow\u00a0\u00bb use_row_as_full_screen_section=\u00a0\u00bbno\u00a0\u00bb type=\u00a0\u00bbfull_width\u00a0\u00bb angled_section=\u00a0\u00bbno\u00a0\u00bb text_align=\u00a0\u00bbleft\u00a0\u00bb background_image_as_pattern=\u00a0\u00bbwithout_pattern\u00a0\u00bb css_animation=\u00a0\u00bb\u00a0\u00bb][vc_column][vc_empty_space][vc_empty_space][vc_column_text] La Chine a longtemps \u00e9t\u00e9 consid\u00e9r\u00e9e comme un march\u00e9 de consommation relativement facile et opportun pour les industries du luxe et de la cr\u00e9ation. Avec l\u2019arriv\u00e9e des&#8230;<\/p>\n","protected":false},"author":1,"featured_media":0,"parent":0,"menu_order":0,"comment_status":"closed","ping_status":"closed","template":"","meta":[],"_links":{"self":[{"href":"https:\/\/thechinesepulse.com\/fr\/wp-json\/wp\/v2\/pages\/22"}],"collection":[{"href":"https:\/\/thechinesepulse.com\/fr\/wp-json\/wp\/v2\/pages"}],"about":[{"href":"https:\/\/thechinesepulse.com\/fr\/wp-json\/wp\/v2\/types\/page"}],"author":[{"embeddable":true,"href":"https:\/\/thechinesepulse.com\/fr\/wp-json\/wp\/v2\/users\/1"}],"replies":[{"embeddable":true,"href":"https:\/\/thechinesepulse.com\/fr\/wp-json\/wp\/v2\/comments?post=22"}],"version-history":[{"count":39,"href":"https:\/\/thechinesepulse.com\/fr\/wp-json\/wp\/v2\/pages\/22\/revisions"}],"predecessor-version":[{"id":379,"href":"https:\/\/thechinesepulse.com\/fr\/wp-json\/wp\/v2\/pages\/22\/revisions\/379"}],"wp:attachment":[{"href":"https:\/\/thechinesepulse.com\/fr\/wp-json\/wp\/v2\/media?parent=22"}],"curies":[{"name":"wp","href":"https:\/\/api.w.org\/{rel}","templated":true}]}}